{"id":7,"date":"2018-05-01T14:02:27","date_gmt":"2018-05-01T14:02:27","guid":{"rendered":"http:\/\/wp.autohaus-rendel.de\/?page_id=7"},"modified":"2025-08-26T13:01:07","modified_gmt":"2025-08-26T13:01:07","slug":"service","status":"publish","type":"page","link":"https:\/\/wp.autohaus-rendel.de\/?page_id=7","title":{"rendered":"SERVICE"},"content":{"rendered":"<h2><span style=\"color: #000000;\"><strong><img loading=\"lazy\" decoding=\"async\" class=\"alignleft wp-image-274\" src=\"https:\/\/wp.autohaus-rendel.de\/wp-content\/uploads\/2025\/08\/Buero-300x200.jpg\" alt=\"\" width=\"570\" height=\"380\" srcset=\"https:\/\/wp.autohaus-rendel.de\/wp-content\/uploads\/2025\/08\/Buero-300x200.jpg 300w, https:\/\/wp.autohaus-rendel.de\/wp-content\/uploads\/2025\/08\/Buero-768x512.jpg 768w, https:\/\/wp.autohaus-rendel.de\/wp-content\/uploads\/2025\/08\/Buero.jpg 860w\" sizes=\"auto, (max-width: 570px) 100vw, 570px\" \/>UNSERE\u00a0 SERVICES\u00a0 UND\u00a0 DIENSTLEISTUNGEN<\/strong><\/span><\/h2>\n<p><span style=\"color: #000000;\">Ein wichtiger Teil unserer Arbeit\u00a0 sind die breiten Service- und Dienstleistungen rund um den An- und Verkauf eines Fahrzeugs.<\/span><\/p>\n<p><span style=\"color: #000000;\">Denn zu einer reibungslosen Autovermarktung oder der Vermittlung Ihres Fahrzeugs geh\u00f6rt mehr als nur Verhandlungsgeschick. Wir bieten Ihnen au\u00dferdem Service- und Dienstleistungen rund um die Themen Werkstatt, Reparaturen und Finanzierung. Wir helfen bei der Abwicklung von Export- und Zollformalit\u00e4ten oder bei der Zulassung des Autos. Wir k\u00fcmmern uns um Zusatzleistungen wie beispielsweise die Aufbereitung Ihres Fahrzeuges oder die T\u00dcV-Vorf\u00fchrung.<\/span><\/p>\n<p>&nbsp;<\/p>\n<ul>\n<li><span style=\"color: #000000;\">An-und Verkauf von Transportern, LKW und Nutzfahrzeugen<\/span><\/li>\n<li><span style=\"color: #000000;\">Verkauf insbesondere an Gewerbekunden<\/span><\/li>\n<li><span style=\"color: #000000;\">gepr\u00fcfte Gebrauchtwagen mit G\u00fctesiegel<\/span><\/li>\n<li><span style=\"color: #000000;\">2 Jahre Garantie \u00fcber eine externe Garantieversicherung m\u00f6glich<\/span><\/li>\n<li><span style=\"color: #000000;\">Onlineservice<\/span><\/li>\n<li><span style=\"color: #000000;\">fairer Eintausch<\/span><\/li>\n<li><span style=\"color: #000000;\">Finanzierung, Mietkauf und Leasing<\/span><\/li>\n<li><span style=\"color: #000000;\">T\u00dcV und AU neu<\/span><\/li>\n<\/ul>\n<p>&nbsp;<\/p>\n<p>&nbsp;<\/p>\n<h2><span style=\"color: #000000;\"><strong>UNSERE\u00a0 LEISTUNGEN\u00a0 IM\u00a0 \u00dcBERBLICK<\/strong><\/span><\/h2>\n<h2><\/h2>\n<p>&nbsp;<\/p>\n<p>&nbsp;<\/p>\n<h2><span style=\"color: #000000;\"><strong>VERKAUF UND ANKAUF<img loading=\"lazy\" decoding=\"async\" class=\"alignleft wp-image-83\" src=\"https:\/\/wp.autohaus-rendel.de\/wp-content\/uploads\/2018\/05\/VK-und-AK-1-300x200.jpg\" alt=\"\" width=\"561\" height=\"374\" srcset=\"https:\/\/wp.autohaus-rendel.de\/wp-content\/uploads\/2018\/05\/VK-und-AK-1-300x200.jpg 300w, https:\/\/wp.autohaus-rendel.de\/wp-content\/uploads\/2018\/05\/VK-und-AK-1-768x513.jpg 768w, https:\/\/wp.autohaus-rendel.de\/wp-content\/uploads\/2018\/05\/VK-und-AK-1-1024x684.jpg 1024w, https:\/\/wp.autohaus-rendel.de\/wp-content\/uploads\/2018\/05\/VK-und-AK-1-750x501.jpg 750w\" sizes=\"auto, (max-width: 561px) 100vw, 561px\" \/><\/strong><\/span><\/h2>\n<p><span style=\"color: #000000;\">Der An- und Verkauf eines Fahrzeugs ist Vertrauenssache. Wir bewerten alle Fahrzeuge nach dem derzeitigen Marktwert und bieten Ihnen f\u00fcr Ihr gebrauchtes Fahrzeug eine realistische Einsch\u00e4tzung und Bewertung an. Wir verkaufen Ihnen aus unserem Bestand nur einwandfreie Ware, die von unserem Werkstattmeister und Verkaufsleiter gepr\u00fcft wurde.<\/span><\/p>\n<p>&nbsp;<\/p>\n<p>&nbsp;<\/p>\n<p>&nbsp;<\/p>\n<p>&nbsp;<\/p>\n<p>&nbsp;<\/p>\n<p><span style=\"color: #000000;\"><strong><img loading=\"lazy\" decoding=\"async\" class=\" wp-image-86 alignright\" src=\"https:\/\/wp.autohaus-rendel.de\/wp-content\/uploads\/2018\/05\/Finanzierung-2-300x166.jpg\" alt=\"\" width=\"560\" height=\"310\" srcset=\"https:\/\/wp.autohaus-rendel.de\/wp-content\/uploads\/2018\/05\/Finanzierung-2-300x166.jpg 300w, https:\/\/wp.autohaus-rendel.de\/wp-content\/uploads\/2018\/05\/Finanzierung-2-768x425.jpg 768w, https:\/\/wp.autohaus-rendel.de\/wp-content\/uploads\/2018\/05\/Finanzierung-2-1024x567.jpg 1024w, https:\/\/wp.autohaus-rendel.de\/wp-content\/uploads\/2018\/05\/Finanzierung-2-750x415.jpg 750w\" sizes=\"auto, (max-width: 560px) 100vw, 560px\" \/><\/strong><\/span><\/p>\n<p>&nbsp;<\/p>\n<h2><span style=\"color: #000000;\"><strong>FINANZIERUNG<\/strong><\/span><\/h2>\n<p><span style=\"color: #000000;\">Durch den engen Kontakt zu freien Autobanken bieten wir Ihnen eine individuell auf Ihre Rahmenbedingung abgestimmte Finanzierung f\u00fcr Ihr Fahrzeug an. Darunter fallen sowohl das klassische Finanzierungskonzept mit und ohne Anzahlung als auch die M\u00f6glichkeit des Leasing.<\/span><\/p>\n<p>&nbsp;<\/p>\n<p>&nbsp;<\/p>\n<p>&nbsp;<\/p>\n<p>&nbsp;<\/p>\n<p><span style=\"color: #000000;\"><strong><img loading=\"lazy\" decoding=\"async\" class=\"wp-image-276 size-full alignleft\" src=\"https:\/\/wp.autohaus-rendel.de\/wp-content\/uploads\/2025\/08\/Werkstatt.jpg\" alt=\"\" width=\"554\" height=\"369\" srcset=\"https:\/\/wp.autohaus-rendel.de\/wp-content\/uploads\/2025\/08\/Werkstatt.jpg 554w, https:\/\/wp.autohaus-rendel.de\/wp-content\/uploads\/2025\/08\/Werkstatt-300x200.jpg 300w\" sizes=\"auto, (max-width: 554px) 100vw, 554px\" \/><\/strong><\/span><\/p>\n<h2><span style=\"color: #000000;\"><strong>WERKSTATT<\/strong><\/span><\/h2>\n<p><span style=\"color: #000000;\">Unsere Meisterwerkstatt wird fachkundig gef\u00fchrt. Wir sind in der Lage jede Reparatur rund ums Fahrzeug durchzuf\u00fchren und kooperieren dabei mit unseren Partnern. Deshalb sind unsere Verkaufsfahrzeuge in einem einwandfreien\u00a0 Zustand und weisen keinen Reparaturstau auf. Wir k\u00fcmmern uns auch um besondere W\u00fcnsche rund um Ihr Fahrzeug.<\/span><\/p>\n<p>&nbsp;<\/p>\n<p><span style=\"color: #000000;\"><strong>\u00a0<\/strong><\/span><\/p>\n<p><span style=\"color: #000000;\"><strong>\u00a0<\/strong><\/span><\/p>\n<p>&nbsp;<\/p>\n<p>&nbsp;<\/p>\n<p>&nbsp;<\/p>\n","protected":false},"excerpt":{"rendered":"<p>UNSERE\u00a0 SERVICES\u00a0 UND\u00a0 DIENSTLEISTUNGEN Ein wichtiger Teil unserer Arbeit\u00a0 sind die breiten Service- und Dienstleistungen rund um den An- und Verkauf eines Fahrzeugs. Denn zu einer reibungslosen Autovermarktung oder der Vermittlung Ihres Fahrzeugs geh\u00f6rt mehr als nur Verhandlungsgeschick. Wir bieten Ihnen au\u00dferdem Service- und Dienstleistungen rund um die Themen Werkstatt, Reparaturen und Finanzierung. Wir helfen&hellip; <br \/> <a class=\"read-more\" href=\"https:\/\/wp.autohaus-rendel.de\/?page_id=7\">Weiterlesen<\/a><\/p>\n","protected":false},"author":1,"featured_media":0,"parent":0,"menu_order":0,"comment_status":"closed","ping_status":"closed","template":"","meta":{"footnotes":""},"class_list":["post-7","page","type-page","status-publish","hentry"],"_links":{"self":[{"href":"https:\/\/wp.autohaus-rendel.de\/index.php?rest_route=\/wp\/v2\/pages\/7","targetHints":{"allow":["GET"]}}],"collection":[{"href":"https:\/\/wp.autohaus-rendel.de\/index.php?rest_route=\/wp\/v2\/pages"}],"about":[{"href":"https:\/\/wp.autohaus-rendel.de\/index.php?rest_route=\/wp\/v2\/types\/page"}],"author":[{"embeddable":true,"href":"https:\/\/wp.autohaus-rendel.de\/index.php?rest_route=\/wp\/v2\/users\/1"}],"replies":[{"embeddable":true,"href":"https:\/\/wp.autohaus-rendel.de\/index.php?rest_route=%2Fwp%2Fv2%2Fcomments&post=7"}],"version-history":[{"count":27,"href":"https:\/\/wp.autohaus-rendel.de\/index.php?rest_route=\/wp\/v2\/pages\/7\/revisions"}],"predecessor-version":[{"id":311,"href":"https:\/\/wp.autohaus-rendel.de\/index.php?rest_route=\/wp\/v2\/pages\/7\/revisions\/311"}],"wp:attachment":[{"href":"https:\/\/wp.autohaus-rendel.de\/index.php?rest_route=%2Fwp%2Fv2%2Fmedia&parent=7"}],"curies":[{"name":"wp","href":"https:\/\/api.w.org\/{rel}","templated":true}]}}