{"id":5,"date":"2018-05-01T14:02:27","date_gmt":"2018-05-01T14:02:27","guid":{"rendered":"http:\/\/wp.autohaus-rendel.de\/?page_id=5"},"modified":"2025-10-13T10:13:07","modified_gmt":"2025-10-13T10:13:07","slug":"ueber-uns","status":"publish","type":"page","link":"https:\/\/wp.autohaus-rendel.de\/?page_id=5","title":{"rendered":"\u00dcBER UNS"},"content":{"rendered":"<p><strong><img loading=\"lazy\" decoding=\"async\" class=\"wp-image-351  alignright\" src=\"https:\/\/wp.autohaus-rendel.de\/wp-content\/uploads\/2025\/10\/Ueber-uns-neu-640-300x200.jpg\" alt=\"\" width=\"547\" height=\"365\" srcset=\"https:\/\/wp.autohaus-rendel.de\/wp-content\/uploads\/2025\/10\/Ueber-uns-neu-640-300x200.jpg 300w, https:\/\/wp.autohaus-rendel.de\/wp-content\/uploads\/2025\/10\/Ueber-uns-neu-640.jpg 640w\" sizes=\"auto, (max-width: 547px) 100vw, 547px\" \/><\/strong><\/p>\n<h2><span style=\"color: #000000;\"><strong>\u00dcBER UNS<\/strong><\/span><\/h2>\n<p><span style=\"color: #000000;\">Wir sind ein deutsches Familienunternehmen mit Tradition.<\/span><\/p>\n<p><span style=\"color: #000000;\">Wir bieten Ihnen ein Autohaus mit\u00a0 Meisterwerkstatt und verf\u00fcgen \u00fcber mehr als 40 Jahre qualifizierte Erfahrung im Kfz-Bereich.<\/span><\/p>\n<p><span style=\"color: #000000;\">\u00a0<\/span><\/p>\n<p><span style=\"color: #000000;\">Wir sind stolz darauf, dass die Qualit\u00e4t unserer Arbeit seit Jahren von unabh\u00e4ngigen Werkstatt-und Servicetests best\u00e4tigt wird.<\/span><\/p>\n<p>&nbsp;<\/p>\n<p>&nbsp;<\/p>\n<p>&nbsp;<\/p>\n<p>&nbsp;<\/p>\n<p><span style=\"color: #000000;\"><img loading=\"lazy\" decoding=\"async\" class=\"alignleft wp-image-32\" src=\"https:\/\/wp.autohaus-rendel.de\/wp-content\/uploads\/2018\/05\/Unsere-Werte-300x212.jpg\" alt=\"\" width=\"569\" height=\"380\" \/><\/span><\/p>\n<h2><span style=\"color: #000000;\"><strong>UNSERE WERTE<\/strong><\/span><\/h2>\n<p><span style=\"color: #000000;\">sind die Grundlage unseres Erfolgs.<\/span><\/p>\n<p><span style=\"color: #000000;\">Unsere Unternehmensideologie ist die Messlatte f\u00fcr unser Denken und Handeln. Sie ist die Essenz dessen, was unser Heute und Morgen zusammenh\u00e4lt.<\/span><\/p>\n<p><span style=\"color: #000000;\">Unser Erfolg beruht auf Mut, Leistung, Verantwortung, Respekt, Integrit\u00e4t und Transparenz. Diese Werte bestimmen t\u00e4glich unsere Handlungen und Interaktionen mit unseren Kunden und Gesch\u00e4ftspartnern.<\/span><\/p>\n<p><span style=\"color: #000000;\">Die Zufriedenheit des Kunden steht f\u00fcr uns an erster Stelle.<\/span><\/p>\n","protected":false},"excerpt":{"rendered":"<p>\u00dcBER UNS Wir sind ein deutsches Familienunternehmen mit Tradition. Wir bieten Ihnen ein Autohaus mit\u00a0 Meisterwerkstatt und verf\u00fcgen \u00fcber mehr als 40 Jahre qualifizierte Erfahrung im Kfz-Bereich. \u00a0 Wir sind stolz darauf, dass die Qualit\u00e4t unserer Arbeit seit Jahren von unabh\u00e4ngigen Werkstatt-und Servicetests best\u00e4tigt wird. &nbsp; &nbsp; &nbsp; &nbsp; UNSERE WERTE sind die Grundlage unseres&hellip; <br \/> <a class=\"read-more\" href=\"https:\/\/wp.autohaus-rendel.de\/?page_id=5\">Weiterlesen<\/a><\/p>\n","protected":false},"author":1,"featured_media":31,"parent":0,"menu_order":0,"comment_status":"closed","ping_status":"closed","template":"","meta":{"footnotes":""},"class_list":["post-5","page","type-page","status-publish","has-post-thumbnail","hentry"],"_links":{"self":[{"href":"https:\/\/wp.autohaus-rendel.de\/index.php?rest_route=\/wp\/v2\/pages\/5","targetHints":{"allow":["GET"]}}],"collection":[{"href":"https:\/\/wp.autohaus-rendel.de\/index.php?rest_route=\/wp\/v2\/pages"}],"about":[{"href":"https:\/\/wp.autohaus-rendel.de\/index.php?rest_route=\/wp\/v2\/types\/page"}],"author":[{"embeddable":true,"href":"https:\/\/wp.autohaus-rendel.de\/index.php?rest_route=\/wp\/v2\/users\/1"}],"replies":[{"embeddable":true,"href":"https:\/\/wp.autohaus-rendel.de\/index.php?rest_route=%2Fwp%2Fv2%2Fcomments&post=5"}],"version-history":[{"count":24,"href":"https:\/\/wp.autohaus-rendel.de\/index.php?rest_route=\/wp\/v2\/pages\/5\/revisions"}],"predecessor-version":[{"id":354,"href":"https:\/\/wp.autohaus-rendel.de\/index.php?rest_route=\/wp\/v2\/pages\/5\/revisions\/354"}],"wp:featuredmedia":[{"embeddable":true,"href":"https:\/\/wp.autohaus-rendel.de\/index.php?rest_route=\/wp\/v2\/media\/31"}],"wp:attachment":[{"href":"https:\/\/wp.autohaus-rendel.de\/index.php?rest_route=%2Fwp%2Fv2%2Fmedia&parent=5"}],"curies":[{"name":"wp","href":"https:\/\/api.w.org\/{rel}","templated":true}]}}