{"id":215,"date":"2018-06-08T20:23:45","date_gmt":"2018-06-08T20:23:45","guid":{"rendered":"http:\/\/wp.autohaus-rendel.de\/?page_id=215"},"modified":"2026-02-24T18:14:13","modified_gmt":"2026-02-24T18:14:13","slug":"impressum","status":"publish","type":"page","link":"https:\/\/wp.autohaus-rendel.de\/?page_id=215","title":{"rendered":"IMPRESSUM"},"content":{"rendered":"<h2><span style=\"color: #000000;\"><strong>IMPRESSUM<\/strong><\/span><\/h2>\n<div class=\"zpRow standard \">\n<div class=\"zpColumn zpColumnWidth1 c12\">\n<div class=\"zpColumnItem\">\n<div id=\"a1373\" class=\"articlearea zpwText\" data-articleid=\"1373\">\n<p><span style=\"color: #000000;\">Autohaus Rendel GmbH<br \/>\n<\/span><\/p>\n<p><span style=\"color: #000000;\">D\u00fcsseldorfer Stra\u00dfe 65a<\/span><\/p>\n<p><span style=\"color: #000000;\">40721 Hilden<\/span><\/p>\n<p><span style=\"color: #000000;\">Telefon: +49 2103\/3985054<\/span><br \/>\n<span style=\"color: #000000;\">Telefax: +49 2103\/3969617<\/span><br \/>\n<span style=\"color: #000000;\">E-Mail:\u00a0 info@autohaus-rendel.de<\/span><br \/>\n<span style=\"color: #000000;\">Internet: autohaus-rendel.de<\/span><\/p>\n<p><span style=\"color: #000000;\">Einzelvertretungsberechtigte Gesch\u00e4ftsf\u00fchrer: <\/span><\/p>\n<p><span style=\"color: #000000;\">Marlon Rendel, Kilian Rendel<\/span><\/p>\n<p><span style=\"color: #000000;\">Umsatzsteuer ID: DE358057425<\/span><\/p>\n<p><span style=\"color: #000000;\">Handelsregister:\u00a0 HRB 99633<\/span><\/p>\n<p><span style=\"color: #000000;\">Inhaltlich Verantwortlicher gem\u00e4\u00df \u00a7 55 Abs. 2 RStV: <\/span><\/p>\n<p><span style=\"color: #000000;\">Kilian Rendel, Marlon Rendel<\/span><\/p>\n<\/div>\n<div id=\"a1373\" class=\"articlearea zpwText\" data-articleid=\"1373\">\n<p><span style=\"color: #000000;\">Erstellung der Webseite:<\/span><\/p>\n<p><span style=\"color: #000000;\">\u00a9 2018 Guido Schleffler <a style=\"color: #000000;\" href=\"http:\/\/www.its-schleffler.de\" target=\"_blank\" rel=\"noopener\">www.its-schleffler.de \u00a0<\/a><a style=\"color: #000000;\" href=\"http:\/\/www.belichtungswert.com\" target=\"_blank\" rel=\"noopener\">www.belichtungswert.com<\/a><\/span><\/p>\n<\/div>\n<\/div>\n<\/div>\n<\/div>\n<div class=\"zpRow standard \">\n<div class=\"zpColumn zpColumnWidth1 c12\">\n<div class=\"zpColumnItem\">\n<div id=\"a1374\" class=\"articlearea zpwText\" data-articleid=\"1374\">\n<h2><span style=\"color: #000000;\">Haftungshinweis<\/span><\/h2>\n<p><span style=\"color: #000000;\">Trotz sorgf\u00e4ltiger inhaltlicher Kontrolle \u00fcbernehmen wir keine Haftung f\u00fcr die Inhalte externer Links. F\u00fcr den Inhalt der verlinkten Seiten sind ausschlie\u00dflich deren Betreiber verantwortlich.<\/span><\/p>\n<\/div>\n<\/div>\n<\/div>\n<\/div>\n<div class=\"zpRow standard \">\n<div class=\"zpColumn zpColumnWidth1 c12\">\n<div class=\"zpColumnItem\">\n<div id=\"a1375\" class=\"articlearea zpwText\" data-articleid=\"1375\">\n<h2><\/h2>\n<h2><span style=\"color: #000000;\">Bildnachweise<\/span><\/h2>\n<p><span style=\"color: #000000;\"><strong>Urheber, Bildquelle und Bildauswahl der\u00a0verwendeten Bilder:<\/strong><\/span><\/p>\n<p><span style=\"color: #000000;\"><strong>stock.adobe.com ; Udo Rendel, Marlon Rendel, Kilian Rendel<br \/>\n<\/strong><\/span><\/p>\n<\/div>\n<\/div>\n<\/div>\n<\/div>\n","protected":false},"excerpt":{"rendered":"<p>IMPRESSUM Autohaus Rendel GmbH D\u00fcsseldorfer Stra\u00dfe 65a 40721 Hilden Telefon: +49 2103\/3985054 Telefax: +49 2103\/3969617 E-Mail:\u00a0 info@autohaus-rendel.de Internet: autohaus-rendel.de Einzelvertretungsberechtigte Gesch\u00e4ftsf\u00fchrer: Marlon Rendel, Kilian Rendel Umsatzsteuer ID: DE358057425 Handelsregister:\u00a0 HRB 99633 Inhaltlich Verantwortlicher gem\u00e4\u00df \u00a7 55 Abs. 2 RStV: Kilian Rendel, Marlon Rendel Erstellung der Webseite: \u00a9 2018 Guido Schleffler www.its-schleffler.de \u00a0www.belichtungswert.com Haftungshinweis Trotz sorgf\u00e4ltiger&hellip; <br \/> <a class=\"read-more\" href=\"https:\/\/wp.autohaus-rendel.de\/?page_id=215\">Weiterlesen<\/a><\/p>\n","protected":false},"author":1,"featured_media":0,"parent":0,"menu_order":0,"comment_status":"closed","ping_status":"closed","template":"","meta":{"footnotes":""},"class_list":["post-215","page","type-page","status-publish","hentry"],"_links":{"self":[{"href":"https:\/\/wp.autohaus-rendel.de\/index.php?rest_route=\/wp\/v2\/pages\/215","targetHints":{"allow":["GET"]}}],"collection":[{"href":"https:\/\/wp.autohaus-rendel.de\/index.php?rest_route=\/wp\/v2\/pages"}],"about":[{"href":"https:\/\/wp.autohaus-rendel.de\/index.php?rest_route=\/wp\/v2\/types\/page"}],"author":[{"embeddable":true,"href":"https:\/\/wp.autohaus-rendel.de\/index.php?rest_route=\/wp\/v2\/users\/1"}],"replies":[{"embeddable":true,"href":"https:\/\/wp.autohaus-rendel.de\/index.php?rest_route=%2Fwp%2Fv2%2Fcomments&post=215"}],"version-history":[{"count":9,"href":"https:\/\/wp.autohaus-rendel.de\/index.php?rest_route=\/wp\/v2\/pages\/215\/revisions"}],"predecessor-version":[{"id":371,"href":"https:\/\/wp.autohaus-rendel.de\/index.php?rest_route=\/wp\/v2\/pages\/215\/revisions\/371"}],"wp:attachment":[{"href":"https:\/\/wp.autohaus-rendel.de\/index.php?rest_route=%2Fwp%2Fv2%2Fmedia&parent=215"}],"curies":[{"name":"wp","href":"https:\/\/api.w.org\/{rel}","templated":true}]}}